{"id":2755,"date":"2017-06-30T09:48:28","date_gmt":"2017-06-30T09:48:28","guid":{"rendered":"http:\/\/villacitronella.com.tr\/contact\/"},"modified":"2022-05-28T15:38:20","modified_gmt":"2022-05-28T15:38:20","slug":"iletisim","status":"publish","type":"page","link":"https:\/\/villacitronella.com.tr\/en\/iletisim\/","title":{"rendered":"Contact"},"content":{"rendered":"<p>[vc_row css=&#8221;.vc_custom_1650843943152{margin-top: 150px !important;}&#8221;][vc_column width=&#8221;1\/3&#8243; css=&#8221;.vc_custom_1467214267244{padding-top: 10px !important;padding-bottom: 10px !important;}&#8221;]\n\n\n    <div class=\"nd_options_section nd_options_position_relative \">\n        <a rel=\"\" href=\"\"><img decoding=\"async\" alt=\"\" class=\"nd_options_position_absolute nd_options_left_0\" width=\"40\" src=\"https:\/\/villacitronella.com.tr\/wp-content\/uploads\/2022\/04\/phone-call-2.png\"><\/a>\n        <div class=\"nd_options_section nd_options_padding_left_70 nd_options_box_sizing_border_box\">\n            <a rel=\"\" href=\"\"><h3 style=\"color:\"><strong>Our Phone Number<\/strong><\/h3><\/a>\n            <div class=\"nd_options_section nd_options_height_15\"><\/div>\n            <p style=\"color:\" class=\"\">+90 507 369 34 07<\/p>\n        <\/div>\n    <\/div>\n\n\n  [\/vc_column][vc_column width=&#8221;1\/3&#8243; css=&#8221;.vc_custom_1650843973969{padding-top: 10px !important;padding-bottom: 10px !important;}&#8221;]\n\n\n    <div class=\"nd_options_section nd_options_position_relative \">\n        <a rel=\"\" href=\"\"><img decoding=\"async\" alt=\"\" class=\"nd_options_position_absolute nd_options_left_0\" width=\"40\" src=\"https:\/\/villacitronella.com.tr\/wp-content\/uploads\/2022\/04\/mail.png\"><\/a>\n        <div class=\"nd_options_section nd_options_padding_left_70 nd_options_box_sizing_border_box\">\n            <a rel=\"\" href=\"\"><h3 style=\"color:\"><strong>Our Email Address<\/strong><\/h3><\/a>\n            <div class=\"nd_options_section nd_options_height_15\"><\/div>\n            <p style=\"color:\" class=\"\">info@villacitronella.com.tr<\/p>\n        <\/div>\n    <\/div>\n\n\n  [\/vc_column][vc_column width=&#8221;1\/3&#8243; css=&#8221;.vc_custom_1650843980270{padding-top: 10px !important;padding-bottom: 10px !important;}&#8221;]\n\n\n    <div class=\"nd_options_section nd_options_position_relative \">\n        <a rel=\"\" href=\"\"><img decoding=\"async\" alt=\"\" class=\"nd_options_position_absolute nd_options_left_0\" width=\"40\" src=\"https:\/\/villacitronella.com.tr\/wp-content\/uploads\/2022\/04\/location.png\"><\/a>\n        <div class=\"nd_options_section nd_options_padding_left_70 nd_options_box_sizing_border_box\">\n            <a rel=\"\" href=\"\"><h3 style=\"color:\"><strong>Our address<\/strong><\/h3><\/a>\n            <div class=\"nd_options_section nd_options_height_15\"><\/div>\n            <p style=\"color:\" class=\"\">Kalei\u00e7i, Sel\u00e7uk Mahallesi Mektep Sokak No:4 07100 Muratpa\u015fa \/ Antalya<\/p>\n        <\/div>\n    <\/div>\n\n\n  [\/vc_column][\/vc_row][vc_row css=&#8221;.vc_custom_1650842275892{margin-top: 70px !important;}&#8221;][vc_column width=&#8221;1\/2&#8243; css=&#8221;.vc_custom_1467214267244{padding-top: 10px !important;padding-bottom: 10px !important;}&#8221;][vc_column_text]\n            <div \n                class=\"elfsight-widget-contact-form elfsight-widget\" \n                data-elfsight-contact-form-options=\"%7B%22ei%22%3A%22%22%2C%22fields%22%3A%5B%7B%22type%22%3A%22text%22%2C%22placeholder%22%3A%22%22%2C%22description%22%3A%22%22%2C%22label%22%3A%22Full%20Name%22%2C%22required%22%3Atrue%2C%22columnWidth%22%3A100%2C%22id%22%3A%22%5Bfull-name%5D%22%7D%2C%7B%22type%22%3A%22email%22%2C%22label%22%3A%22E-mail%22%2C%22name%22%3A%22%22%2C%22placeholder%22%3A%22%22%2C%22options%22%3A%22Option%201%5CnOption%202%22%2C%22scaleNumbersMin%22%3A1%2C%22scaleNumbersMax%22%3A10%2C%22leftCaption%22%3A%22Not%20likely%22%2C%22rightCaption%22%3A%22Very%20likely%22%2C%22fileLinkCaption%22%3A%22Choose%20file%22%2C%22fileDragCaption%22%3A%22or%20drag%20%26%20drop%20here%22%2C%22text%22%3A%22Text%22%2C%22title%22%3A%22Heading%22%2C%22caption%22%3A%22%22%2C%22value%22%3A%22%22%2C%22labelText%22%3A%22Label%22%2C%22dateTime%22%3A%22date%22%2C%22dateFormat%22%3A%22d.m.Y%22%2C%22timeFormat%22%3A%22H%3Ai%22%2C%22starsCount%22%3A5%2C%22required%22%3Atrue%2C%22description%22%3A%22%22%2C%22columnWidth%22%3A50%2C%22elementColumnWidth%22%3A100%2C%22fileAllowedAll%22%3Atrue%2C%22fileAllowed%22%3A%5B%22.jpg%22%2C%22.jpeg%22%2C%22.png%22%2C%22.gif%22%2C%22.txt%22%2C%22.pdf%22%2C%22.doc%22%2C%22.docx%22%2C%22.pages%22%2C%22.numbers%22%2C%22.xls%22%2C%22.xlsx%22%2C%22.odt%22%2C%22.ppt%22%2C%22.pptx%22%2C%22.pps%22%2C%22.ppsx%22%2C%22.html%22%5D%2C%22fileMax%22%3A25%2C%22fields%22%3A%22%22%2C%22id%22%3A%22%5Be-mail%5D%22%7D%2C%7B%22type%22%3A%22text%22%2C%22label%22%3A%22Subject%22%2C%22name%22%3A%22%22%2C%22placeholder%22%3A%22%22%2C%22options%22%3A%22Option%201%5CnOption%202%22%2C%22scaleNumbersMin%22%3A1%2C%22scaleNumbersMax%22%3A10%2C%22leftCaption%22%3A%22Not%20likely%22%2C%22rightCaption%22%3A%22Very%20likely%22%2C%22fileLinkCaption%22%3A%22Choose%20file%22%2C%22fileDragCaption%22%3A%22or%20drag%20%26%20drop%20here%22%2C%22text%22%3A%22Text%22%2C%22title%22%3A%22Heading%22%2C%22caption%22%3A%22%22%2C%22value%22%3A%22%22%2C%22labelText%22%3A%22Label%22%2C%22dateTime%22%3A%22date%22%2C%22dateFormat%22%3A%22d.m.Y%22%2C%22timeFormat%22%3A%22H%3Ai%22%2C%22starsCount%22%3A5%2C%22required%22%3Afalse%2C%22description%22%3A%22%22%2C%22columnWidth%22%3A50%2C%22elementColumnWidth%22%3A100%2C%22fileAllowedAll%22%3Atrue%2C%22fileAllowed%22%3A%5B%22.jpg%22%2C%22.jpeg%22%2C%22.png%22%2C%22.gif%22%2C%22.txt%22%2C%22.pdf%22%2C%22.doc%22%2C%22.docx%22%2C%22.pages%22%2C%22.numbers%22%2C%22.xls%22%2C%22.xlsx%22%2C%22.odt%22%2C%22.ppt%22%2C%22.pptx%22%2C%22.pps%22%2C%22.ppsx%22%2C%22.html%22%5D%2C%22fileMax%22%3A25%2C%22fields%22%3A%22%22%2C%22id%22%3A%22%5Bsubject%5D%22%7D%2C%7B%22type%22%3A%22textarea%22%2C%22label%22%3A%22Message%22%2C%22description%22%3A%22%22%2C%22placeholder%22%3A%22%22%2C%22required%22%3Atrue%2C%22columnWidth%22%3A100%2C%22id%22%3A%22%5Bmessage%5D%22%7D%5D%2C%22headerActive%22%3Afalse%2C%22headerTitle%22%3A%22Get%20in%20Touch%22%2C%22headerText%22%3A%22Leave%20your%20message%20and%20we%27ll%20get%20back%20to%20you%20shortly.%22%2C%22headerPictureUrl%22%3A%22message%22%2C%22footerText%22%3A%22%22%2C%22actionAfterSubmit%22%3A%22message%22%2C%22successMessage%22%3A%22Your%20message%20was%20successfully%20sent%21%20We%20will%20reply%20to%20you%20shortly.%22%2C%22successContinueText%22%3A%22OK%22%2C%22redirectUrl%22%3A%22https%3A%5C%2F%5C%2Fexample.com%22%2C%22submitText%22%3A%22Send%22%2C%22stepsMessagesDivider%22%3Anull%2C%22stepsMessagesTitle%22%3Anull%2C%22stepsText%22%3A%22step%20%251%20of%20%252%22%2C%22stepBackText%22%3A%22Back%22%2C%22stepNextText%22%3A%22Next%22%2C%22errorMessageAllRequired%22%3A%22Please%2C%20fill%20all%20the%20required%20fields%22%2C%22errorMessageAllIncorrect%22%3A%22Please%2C%20fill%20all%20the%20fields%20correctly%22%2C%22errorMessageSetMailTo%22%3A%22Please%2C%20set%20the%20email%20to%20send%20messages%20to%22%2C%22errorMessageRequiredCaptcha%22%3A%22Please%2C%20enter%20the%20captcha%22%2C%22errorMessageFileSizeLimit%22%3A%22File%20size%20limit%20exceeded%22%2C%22errorMessageFileNotAllowed%22%3A%22File%20extension%20not%20allowed%22%2C%22errorMessageUnknown%22%3A%22Unknown%20error%22%2C%22errorMessageRequired%22%3A%22Required%20field%22%2C%22errorMessageInvalid%22%3A%22Invalid%22%2C%22errorMessageInvalidEmail%22%3A%22Invalid%20email%22%2C%22errorMessageInvalidPhone%22%3A%22Invalid%20phone%20number%22%2C%22errorMessageInvalidUrl%22%3A%22Invalid%20URL%22%2C%22calendarWeekdaysShorthand%22%3A%22Sun%5CnMon%5CnTue%5CnWed%5CnThu%5CnFri%5CnSat%22%2C%22calendarMonthsLonghand%22%3A%22January%5CnFebruary%5CnMarch%5CnApril%5CnMay%5CnJune%5CnJuly%5CnAugust%5CnSeptember%5CnOctober%5CnNovember%5CnDecember%22%2C%22showProgress%22%3Atrue%2C%22recaptchaType%22%3A%22checkbox%22%2C%22integrationsGoogleToken%22%3A%22%22%2C%22integrationsGoogleSheetId%22%3A%22%22%2C%22layout%22%3A%22default%22%2C%22floatingIcon%22%3A%22message%22%2C%22floatingText%22%3A%22%22%2C%22floatingPosition%22%3A%22right%22%2C%22width%22%3A%22580%22%2C%22style%22%3A%22flat%22%2C%22mainColor%22%3A%22rgb%2838%2C%2040%2C%2042%29%22%2C%22apiUrl%22%3A%22https%3A%5C%2F%5C%2Fvillacitronella.com.tr%5C%2Fen%5C%2Fwp-json%5C%2Felfsight-contact-form%5C%2Fapi%22%2C%22recaptchaKeyCheckbox%22%3A%226LfXGHgUAAAAAHNIE_EH7kEI1l4xvf_ynIlg5bfo%22%2C%22recaptchaKeyInvisible%22%3A%226Ld1CXgUAAAAAFTHmixC1Eo-NP7_3ddB1YOj9AfX%22%2C%22widgetId%22%3A%223%22%7D\" \n                data-elfsight-contact-form-version=\"2.3.1\"\n                data-elfsight-widget-id=\"elfsight-contact-form-3\">\n            <\/div>\n            [\/vc_column_text][\/vc_column][vc_column width=&#8221;1\/2&#8243; css=&#8221;.vc_custom_1650843383911{margin-top: 82px !important;}&#8221;][vc_gmaps link=&#8221;#E-8_JTNDaWZyYW1lJTIwc3JjJTNEJTIyaHR0cHMlM0ElMkYlMkZ3d3cuZ29vZ2xlLmNvbSUyRm1hcHMlMkZlbWJlZCUzRnBiJTNEJTIxMW0xOCUyMTFtMTIlMjExbTMlMjExZDMxOTEuMjExMzc1MzUwNzQlMjEyZDMwLjcwMTgzOTgxNTY1MTc2NiUyMTNkMzYuODg1MjkxMjc5OTMxMTglMjEybTMlMjExZjAlMjEyZjAlMjEzZjAlMjEzbTIlMjExaTEwMjQlMjEyaTc2OCUyMTRmMTMuMSUyMTNtMyUyMTFtMiUyMTFzMHgxNGMzOTFjNjdkMmU4MzAxJTI1M0EweDllNTg5NWZjODhjYWEzZTIlMjEyc1ZpbGxhJTI1MjBDaXRyb25lbGxhJTI1MjBCb3V0aXF1ZSUyNTIwSG90ZWwlMjE1ZTAlMjEzbTIlMjExc3RyJTIxMnN0ciUyMTR2MTY1MTY4MTUyMDEzOCUyMTVtMiUyMTFzdHIlMjEyc3RyJTIyJTIwd2lkdGglM0QlMjI2MDAlMjIlMjBoZWlnaHQlM0QlMjI0NTAlMjIlMjBzdHlsZSUzRCUyMmJvcmRlciUzQTAlM0IlMjIlMjBhbGxvd2Z1bGxzY3JlZW4lM0QlMjIlMjIlMjBsb2FkaW5nJTNEJTIybGF6eSUyMiUyMHJlZmVycmVycG9saWN5JTNEJTIybm8tcmVmZXJyZXItd2hlbi1kb3duZ3JhZGUlMjIlM0UlM0MlMkZpZnJhbWUlM0U=&#8221;][\/vc_column][\/vc_row]<\/p>\n","protected":false},"excerpt":{"rendered":"<p>[vc_row css=&#8221;.vc_custom_1650843943152{margin-top: 150px !important;}&#8221;][vc_column width=&#8221;1\/3&#8243; css=&#8221;.vc_custom_1467214267244{padding-top: 10px !important;padding-bottom: 10px !important;}&#8221;][\/vc_column][vc_column width=&#8221;1\/3&#8243; css=&#8221;.vc_custom_1650843973969{padding-top: 10px !important;padding-bottom: 10px !important;}&#8221;][\/vc_column][vc_column width=&#8221;1\/3&#8243; css=&#8221;.vc_custom_1650843980270{padding-top: 10px !important;padding-bottom: 10px !important;}&#8221;][\/vc_column][\/vc_row][vc_row css=&#8221;.vc_custom_1650842275892{margin-top: 70px !important;}&#8221;][vc_column width=&#8221;1\/2&#8243; css=&#8221;.vc_custom_1467214267244{padding-top: 10px !important;padding-bottom: 10px !important;}&#8221;][vc_column_text][\/vc_column_text][\/vc_column][vc_column width=&#8221;1\/2&#8243; css=&#8221;.vc_custom_1650843383911{margin-top: 82px !important;}&#8221;][vc_gmaps link=&#8221;#E-8_JTNDaWZyYW1lJTIwc3JjJTNEJTIyaHR0cHMlM0ElMkYlMkZ3d3cuZ29vZ2xlLmNvbSUyRm1hcHMlMkZlbWJlZCUzRnBiJTNEJTIxMW0xOCUyMTFtMTIlMjExbTMlMjExZDMxOTEuMjExMzc1MzUwNzQlMjEyZDMwLjcwMTgzOTgxNTY1MTc2NiUyMTNkMzYuODg1MjkxMjc5OTMxMTglMjEybTMlMjExZjAlMjEyZjAlMjEzZjAlMjEzbTIlMjExaTEwMjQlMjEyaTc2OCUyMTRmMTMuMSUyMTNtMyUyMTFtMiUyMTFzMHgxNGMzOTFjNjdkMmU4MzAxJTI1M0EweDllNTg5NWZjODhjYWEzZTIlMjEyc1ZpbGxhJTI1MjBDaXRyb25lbGxhJTI1MjBCb3V0aXF1ZSUyNTIwSG90ZWwlMjE1ZTAlMjEzbTIlMjExc3RyJTIxMnN0ciUyMTR2MTY1MTY4MTUyMDEzOCUyMTVtMiUyMTFzdHIlMjEyc3RyJTIyJTIwd2lkdGglM0QlMjI2MDAlMjIlMjBoZWlnaHQlM0QlMjI0NTAlMjIlMjBzdHlsZSUzRCUyMmJvcmRlciUzQTAlM0IlMjIlMjBhbGxvd2Z1bGxzY3JlZW4lM0QlMjIlMjIlMjBsb2FkaW5nJTNEJTIybGF6eSUyMiUyMHJlZmVycmVycG9saWN5JTNEJTIybm8tcmVmZXJyZXItd2hlbi1kb3duZ3JhZGUlMjIlM0UlM0MlMkZpZnJhbWUlM0U=&#8221;][\/vc_column][\/vc_row]<\/p>\n","protected":false},"author":1,"featured_media":0,"parent":0,"menu_order":5,"comment_status":"closed","ping_status":"closed","template":"","meta":{"footnotes":""},"class_list":["post-2755","page","type-page","status-publish","hentry"],"aioseo_notices":[],"_links":{"self":[{"href":"https:\/\/villacitronella.com.tr\/en\/wp-json\/wp\/v2\/pages\/2755","targetHints":{"allow":["GET"]}}],"collection":[{"href":"https:\/\/villacitronella.com.tr\/en\/wp-json\/wp\/v2\/pages"}],"about":[{"href":"https:\/\/villacitronella.com.tr\/en\/wp-json\/wp\/v2\/types\/page"}],"author":[{"embeddable":true,"href":"https:\/\/villacitronella.com.tr\/en\/wp-json\/wp\/v2\/users\/1"}],"replies":[{"embeddable":true,"href":"https:\/\/villacitronella.com.tr\/en\/wp-json\/wp\/v2\/comments?post=2755"}],"version-history":[{"count":5,"href":"https:\/\/villacitronella.com.tr\/en\/wp-json\/wp\/v2\/pages\/2755\/revisions"}],"predecessor-version":[{"id":3104,"href":"https:\/\/villacitronella.com.tr\/en\/wp-json\/wp\/v2\/pages\/2755\/revisions\/3104"}],"wp:attachment":[{"href":"https:\/\/villacitronella.com.tr\/en\/wp-json\/wp\/v2\/media?parent=2755"}],"curies":[{"name":"wp","href":"https:\/\/api.w.org\/{rel}","templated":true}]}}